{"id":3809,"date":"2013-05-31T08:44:43","date_gmt":"2013-05-31T08:44:43","guid":{"rendered":"http:\/\/impreza.us-themes.com\/"},"modified":"2022-12-06T13:53:49","modified_gmt":"2022-12-06T12:53:49","slug":"sample-page-2","status":"publish","type":"page","link":"https:\/\/www.roggendorf-art.de\/","title":{"rendered":"Home"},"content":{"rendered":"<section class=\"l-section wpb_row height_auto width_full\"><div class=\"l-section-h i-cf\"><div class=\"g-cols vc_row via_grid cols_1 laptops-cols_inherit tablets-cols_inherit mobiles-cols_1 valign_top type_default stacking_default\"><div class=\"wpb_column vc_column_container\"><div class=\"vc_column-inner\">[rev_slider_vc alias=&#8221;home1&#8243;]<\/div><\/div><\/div><\/div><\/section><section class=\"l-section wpb_row height_small color_alternate with_img\" id=\"first\"><div class=\"l-section-img\" role=\"img\" aria-label=\"Bild\" data-img-width=\"315\" data-img-height=\"315\" style=\"background-image: url(https:\/\/www.roggendorf-art.de\/wp-content\/uploads\/2015\/11\/leinwand-neu-2.jpg);background-size: auto;\"><\/div><div class=\"l-section-h i-cf\"><div class=\"g-cols vc_row via_grid cols_1 laptops-cols_inherit tablets-cols_inherit mobiles-cols_1 valign_top type_default stacking_default\"><div class=\"wpb_column vc_column_container\"><div class=\"vc_column-inner\"><div id=\"uvc-type-wrap-8277\"  data-ultimate-target='#uvc-type-wrap-8277'  data-responsive-json-new='{\"font-size\":\"desktop:35px;\",\"line-height\":\"desktop:38px;\"}'  class=\"uvc-type-wrap  ult-adjust-bottom-margin ult-responsive  uvc-type-align-center uvc-type-no-prefix uvc-wrap-172300136869fb20843683e\" style=\"text-align:center;\"><div id=\"vticker-172300136869fb20843683e\"  data-ultimate-target=&#039;#uvc-type-wrap-8277&#039;  data-responsive-json-new=&#039;{&quot;font-size&quot;:&quot;desktop:35px;&quot;,&quot;line-height&quot;:&quot;desktop:38px;&quot;}&#039;  class=\"ultimate-vticker ticker  ultimate-fancy-text-inherit\" style=\" font-family:&#039;Slabo 27px&#039;;font-weight:normal; text-transform: unset;\"><ul><li style=&quot;opacity:1&quot;>Wir transportieren Ihre Kunst und Ihre Antiquit\u00e4ten<\/li><li style=&quot;opacity:0&quot;>weltweit - sicher, fachgerecht<\/li><li style=&quot;opacity:0&quot;>pers\u00f6nlich und diskret<\/li><\/ul><\/div><script type=\"text\/javascript\">\n\t\t\t\t\t\tjQuery(function($){\n\t\t\t\t\t\t\t$(document).ready(function(){\n\t\t\t\t\t\t\t\tif( typeof jQuery(\"#vticker-172300136869fb20843683e\").easyTicker == \"function\"){\n\t\t\t\t\t\t\t\t\t$(\"#vticker-172300136869fb20843683e\").find(\"li\").css(\"opacity\",\"1\");\n\t\t\t\t\t\t\t\t\t\n\t\t\t\t\t\t\t\t\t$(\"#vticker-172300136869fb20843683e\").easyTicker({\n\t\t\t\t\t\t\t\t\t\tdirection: \"up\",\n\t\t\t\t\t\t\t\t\t\teasing: \"swing\",\n\t\t\t\t\t\t\t\t\t\tspeed: \"200\",\n\t\t\t\t\t\t\t\t\t\tinterval: \"4500\",\n\t\t\t\t\t\t\t\t\t\theight: \"auto\",\n\t\t\t\t\t\t\t\t\t\tvisible: \"1\",\n\t\t\t\t\t\t\t\t\t\tmousePause: \"0\",\n\t\t\t\t\t\t\t\t\t\tcontrols: {\n\t\t\t\t\t\t\t\t\t\t\tup: \"\",\n\t\t\t\t\t\t\t\t\t\t\tdown: \"\",\n\t\t\t\t\t\t\t\t\t\t\ttoggle: \"\",\n\t\t\t\t\t\t\t\t\t\t\tplayText: \"Play\",\n\t\t\t\t\t\t\t\t\t\t\tstopText: \"Stop\"\n\t\t\t\t\t\t\t\t\t\t}\n\t\t\t\t\t\t\t\t\t});\n\t\t\t\t\t\t\t\t}\n\t\t\t\t\t\t\t});\n\t\t\t\t\t\t});\n\t\t\t\t\t<\/script><\/div><\/div><\/div><div class=\"wpb_column vc_column_container\"><div class=\"vc_column-inner\"><div id=\"uvc-type-wrap-6356\"  data-ultimate-target='#uvc-type-wrap-6356'  data-responsive-json-new='{\"font-size\":\"desktop:15px;\",\"line-height\":\"desktop:15px;\"}'  class=\"uvc-type-wrap  ult-adjust-bottom-margin ult-responsive  uvc-type-align-center uvc-type-no-prefix uvc-wrap-417336904869fb208436a7b\" style=\"text-align:center;\"><div id=\"vticker-417336904869fb208436a7b\"  data-ultimate-target=&#039;#uvc-type-wrap-6356&#039;  data-responsive-json-new=&#039;{&quot;font-size&quot;:&quot;desktop:15px;&quot;,&quot;line-height&quot;:&quot;desktop:15px;&quot;}&#039;  class=\"ultimate-vticker ticker  ultimate-fancy-text-inherit\" style=\" font-family:&#039;Slabo 27px&#039;;font-weight:normal; text-transform: unset;\"><ul><li style=&quot;opacity:1&quot;>Wir transportieren Ihre Kunst und Ihre Antiquit\u00e4ten<\/li><li style=&quot;opacity:0&quot;>weltweit - sicher - fachgerecht<\/li><li style=&quot;opacity:0&quot;>pers\u00f6nlich &amp; diskret<\/li><\/ul><\/div><script type=\"text\/javascript\">\n\t\t\t\t\t\tjQuery(function($){\n\t\t\t\t\t\t\t$(document).ready(function(){\n\t\t\t\t\t\t\t\tif( typeof jQuery(\"#vticker-417336904869fb208436a7b\").easyTicker == \"function\"){\n\t\t\t\t\t\t\t\t\t$(\"#vticker-417336904869fb208436a7b\").find(\"li\").css(\"opacity\",\"1\");\n\t\t\t\t\t\t\t\t\t\n\t\t\t\t\t\t\t\t\t$(\"#vticker-417336904869fb208436a7b\").easyTicker({\n\t\t\t\t\t\t\t\t\t\tdirection: \"up\",\n\t\t\t\t\t\t\t\t\t\teasing: \"swing\",\n\t\t\t\t\t\t\t\t\t\tspeed: \"200\",\n\t\t\t\t\t\t\t\t\t\tinterval: \"6500\",\n\t\t\t\t\t\t\t\t\t\theight: \"auto\",\n\t\t\t\t\t\t\t\t\t\tvisible: \"1\",\n\t\t\t\t\t\t\t\t\t\tmousePause: \"0\",\n\t\t\t\t\t\t\t\t\t\tcontrols: {\n\t\t\t\t\t\t\t\t\t\t\tup: \"\",\n\t\t\t\t\t\t\t\t\t\t\tdown: \"\",\n\t\t\t\t\t\t\t\t\t\t\ttoggle: \"\",\n\t\t\t\t\t\t\t\t\t\t\tplayText: \"Play\",\n\t\t\t\t\t\t\t\t\t\t\tstopText: \"Stop\"\n\t\t\t\t\t\t\t\t\t\t}\n\t\t\t\t\t\t\t\t\t});\n\t\t\t\t\t\t\t\t}\n\t\t\t\t\t\t\t});\n\t\t\t\t\t\t});\n\t\t\t\t\t<\/script><\/div><\/div><\/div><\/div><\/div><\/section><section class=\"l-section wpb_row height_medium\"><div class=\"l-section-h i-cf\"><div class=\"g-cols vc_row via_grid cols_3 laptops-cols_inherit tablets-cols_inherit mobiles-cols_1 valign_top type_default stacking_default\"><div class=\"wpb_column vc_column_container\"><div class=\"vc_column-inner\"><div class=\"wpb_text_column\"><div class=\"wpb_wrapper\"><h4 style=\"text-align: center;\">fachgerecht transportiert<\/h4>\n<\/div><\/div><\/div><\/div><div class=\"wpb_column vc_column_container\"><div class=\"vc_column-inner\"><div class=\"wpb_text_column\"><div class=\"wpb_wrapper\"><h4 style=\"text-align: center;\">sorgf\u00e4ltig verpackt<\/h4>\n<\/div><\/div><\/div><\/div><div class=\"wpb_column vc_column_container\"><div class=\"vc_column-inner\"><div class=\"wpb_text_column\"><div class=\"wpb_wrapper\"><h4 style=\"text-align: center;\">sicher gelagert<\/h4>\n<\/div><\/div><\/div><\/div><\/div><\/div><\/section><section class=\"l-section wpb_row height_auto\"><div class=\"l-section-h i-cf\"><div class=\"g-cols vc_row via_grid cols_3 laptops-cols_inherit tablets-cols_inherit mobiles-cols_1 valign_top type_default stacking_default\"><div class=\"wpb_column vc_column_container\"><div class=\"vc_column-inner\"><div id=\"ultib3-126627087669fb208437330\" class=\" ultb3-box ult-adjust-bottom-margin  ultb3-hover-6\" style=\"\"><div class=\"ultb3-box-overlay\" style=\"background:rgba(45,45,45,0.1);\"><\/div><img decoding=\"async\" src=\"https:\/\/www.roggendorf-art.de\/wp-content\/uploads\/2013\/05\/startseite_butten_transportiert.jpg\" style=\"\" class=\"ultb3-img ultb3-img-center\" alt=\"\"\/><div id=\"Info-banner-wrap4769\" class=\"ultb3-info ib3-info-center\" data-animation=\"\" data-animation-delay=\"03\"><div class=\"ultb3-desc ult-responsive\"  data-ultimate-target='#Info-banner-wrap4769 .ultb3-desc'  data-responsive-json-new='{\"font-size\":\"\",\"line-height\":\"\"}'  style=\"font-weight:normal;\">luftgefedert, klimatisiert, sicher<\/div><a href=\"http:\/\/www.roggendorf-art.de\/index.php\/service1\/\"  class=\"ultb3-btn ult-responsive\"  data-ultimate-target='#Info-banner-wrap4769 .ultb3-btn'  data-responsive-json-new='{\"font-size\":\"\",\"line-height\":\"\"}'  style=\"font-weight:normal;\">Mehr erfahren<i class=\"Defaults-angle-right\"><\/i><\/a><\/div><\/div><style>\n\t\t\t\t\t#ultib3-126627087669fb208437330 {\n\t\t\t\t\t\tmin-height:320px;\n\t\t\t\t\t}\n\t\t\t\t\t#ultib3-126627087669fb208437330 img.ultb3-img {\n\t\t\t\t\t\theight: px;\n\t\t\t\t\t}\n\t\t\t\t\t#ultib3-126627087669fb208437330 .ultb3-btn {\n\t\t\t\t\t\tborder:2px solid #fe4641;border-radius:5px;color:#ffffff;\n\t\t\t\t\t}\n\t\t\t\t\t#ultib3-126627087669fb208437330 .ultb3-btn:hover {\n\t\t\t\t\t\tbackground:#fe4641;color:#ffffff;\n\t\t\t\t\t}\n\t\t\t\t\t#ultib3-126627087669fb208437330 .ultb3-btn:focus {\n\t\t\t\t\t\toutline: 2px solid #005fcc;\n\t\t\t\t\t\toutline-offset: 2px;\n\t\t\t\t\t}\n\t\t\t\t<\/style><\/div><\/div><div class=\"wpb_column vc_column_container\"><div class=\"vc_column-inner\"><div id=\"ultib3-347965298369fb2084375d1\" class=\" ultb3-box ult-adjust-bottom-margin  ultb3-hover-6\" style=\"\"><div class=\"ultb3-box-overlay\" style=\"background:rgba(45,45,45,0.32);\"><\/div><img decoding=\"async\" src=\"https:\/\/www.roggendorf-art.de\/wp-content\/uploads\/2013\/05\/startseite_butten_verpackt.jpg\" style=\"\" class=\"ultb3-img ultb3-img-center\" alt=\"\"\/><div id=\"Info-banner-wrap8943\" class=\"ultb3-info ib3-info-center\" data-animation=\"\" data-animation-delay=\"03\"><div class=\"ultb3-desc ult-responsive\"  data-ultimate-target='#Info-banner-wrap8943 .ultb3-desc'  data-responsive-json-new='{\"font-size\":\"\",\"line-height\":\"\"}'  style=\"font-weight:normal;\">Vlies, Folie, Kartonage, Tyvec ...<\/div><a href=\"http:\/\/www.roggendorf-art.de\/index.php\/service2\/\"  class=\"ultb3-btn ult-responsive\"  data-ultimate-target='#Info-banner-wrap8943 .ultb3-btn'  data-responsive-json-new='{\"font-size\":\"\",\"line-height\":\"\"}'  style=\"font-weight:normal;\">Mehr erfahren<i class=\"Defaults-angle-right\"><\/i><\/a><\/div><\/div><style>\n\t\t\t\t\t#ultib3-347965298369fb2084375d1 {\n\t\t\t\t\t\tmin-height:320px;\n\t\t\t\t\t}\n\t\t\t\t\t#ultib3-347965298369fb2084375d1 img.ultb3-img {\n\t\t\t\t\t\theight: px;\n\t\t\t\t\t}\n\t\t\t\t\t#ultib3-347965298369fb2084375d1 .ultb3-btn {\n\t\t\t\t\t\tborder:2px solid #fe4641;border-radius:5px;color:#ffffff;\n\t\t\t\t\t}\n\t\t\t\t\t#ultib3-347965298369fb2084375d1 .ultb3-btn:hover {\n\t\t\t\t\t\tbackground:#fe4641;color:#ffffff;\n\t\t\t\t\t}\n\t\t\t\t\t#ultib3-347965298369fb2084375d1 .ultb3-btn:focus {\n\t\t\t\t\t\toutline: 2px solid #005fcc;\n\t\t\t\t\t\toutline-offset: 2px;\n\t\t\t\t\t}\n\t\t\t\t<\/style><\/div><\/div><div class=\"wpb_column vc_column_container\"><div class=\"vc_column-inner\"><div id=\"ultib3-389564140369fb208437833\" class=\" ultb3-box ult-adjust-bottom-margin  ultb3-hover-6\" style=\"\"><div class=\"ultb3-box-overlay\" style=\"background:rgba(45,45,45,0.3);\"><\/div><img decoding=\"async\" src=\"https:\/\/www.roggendorf-art.de\/wp-content\/uploads\/2013\/05\/startseite_butten_lager.jpg\" style=\"\" class=\"ultb3-img ultb3-img-center\" alt=\"\"\/><div id=\"Info-banner-wrap2466\" class=\"ultb3-info ib3-info-center\" data-animation=\"\" data-animation-delay=\"03\"><div class=\"ultb3-desc ult-responsive\"  data-ultimate-target='#Info-banner-wrap2466 .ultb3-desc'  data-responsive-json-new='{\"font-size\":\"\",\"line-height\":\"\"}'  style=\"font-weight:normal;\">Kunstlager und Sicherheitslager<\/div><a href=\"http:\/\/www.roggendorf-art.de\/index.php\/service3\/\"  class=\"ultb3-btn ult-responsive\"  data-ultimate-target='#Info-banner-wrap2466 .ultb3-btn'  data-responsive-json-new='{\"font-size\":\"\",\"line-height\":\"\"}'  style=\"font-weight:normal;\">Mehr erfahren<i class=\"Defaults-angle-right\"><\/i><\/a><\/div><\/div><style>\n\t\t\t\t\t#ultib3-389564140369fb208437833 {\n\t\t\t\t\t\tmin-height:320px;\n\t\t\t\t\t}\n\t\t\t\t\t#ultib3-389564140369fb208437833 img.ultb3-img {\n\t\t\t\t\t\theight: px;\n\t\t\t\t\t}\n\t\t\t\t\t#ultib3-389564140369fb208437833 .ultb3-btn {\n\t\t\t\t\t\tborder:2px solid #fe4641;border-radius:5px;color:#ffffff;\n\t\t\t\t\t}\n\t\t\t\t\t#ultib3-389564140369fb208437833 .ultb3-btn:hover {\n\t\t\t\t\t\tbackground:#fe4641;color:#ffffff;\n\t\t\t\t\t}\n\t\t\t\t\t#ultib3-389564140369fb208437833 .ultb3-btn:focus {\n\t\t\t\t\t\toutline: 2px solid #005fcc;\n\t\t\t\t\t\toutline-offset: 2px;\n\t\t\t\t\t}\n\t\t\t\t<\/style><\/div><\/div><\/div><\/div><\/section><section class=\"l-section wpb_row height_medium\"><div class=\"l-section-h i-cf\"><div class=\"g-cols vc_row via_grid cols_3 laptops-cols_inherit tablets-cols_inherit mobiles-cols_1 valign_top type_default stacking_default\"><div class=\"wpb_column vc_column_container\"><div class=\"vc_column-inner\"><div class=\"wpb_text_column\"><div class=\"wpb_wrapper\"><p>Wir verpacken, installieren und transportieren Ihre hochwertigen Objekte professionell und behutsam. Ob Einzelst\u00fccke oder Ausstellungen, mit festangestellten Kunstpackern und langj\u00e4hriger Expertise bringen wir Ihre Werte sicher ans Ziel.<\/p>\n<\/div><\/div><\/div><\/div><div class=\"wpb_column vc_column_container\"><div class=\"vc_column-inner\"><div class=\"wpb_text_column\"><div class=\"wpb_wrapper\"><p>Mit einer kunstgerechten Verpackung schaffen wir die Basis f\u00fcr den sicheren Transport. Wir bieten Spezialverpackung aus hochwertigen Materialien an \u2013 entsprechend den Objektbed\u00fcrfnissen: Art Case, Transportrahmen, Klimakisten \u2026<\/p>\n<\/div><\/div><\/div><\/div><div class=\"wpb_column vc_column_container\"><div class=\"vc_column-inner\"><div class=\"wpb_text_column\"><div class=\"wpb_wrapper\"><p>Bei Einlagerung in unserem Kunstlager f\u00fcr Kunstwerke, Antiquit\u00e4ten und Dokumente profitieren Sie von idealen konservatorischen Bedingungen, hohen Sicherheitsstandards und fachgerechter Objektbetreuung.<\/p>\n<\/div><\/div><\/div><\/div><\/div><\/div><\/section><section class=\"l-section wpb_row height_medium\"><div class=\"l-section-h i-cf\"><div class=\"g-cols vc_row via_grid cols_1 laptops-cols_inherit tablets-cols_inherit mobiles-cols_1 valign_top type_default stacking_default\"><div class=\"wpb_column vc_column_container\"><div class=\"vc_column-inner\"><\/div><\/div><\/div><\/div><\/section>\n","protected":false},"excerpt":{"rendered":"[rev_slider_vc alias=\"home1\"]Wir transportieren Ihre Kunst und Ihre Antiquit\u00e4tenweltweit - sicher, fachgerechtpers\u00f6nlich und diskretWir transportieren Ihre Kunst und Ihre Antiquit\u00e4tenweltweit - sicher - fachgerechtpers\u00f6nlich &amp; diskretfachgerecht transportiert sorgf\u00e4ltig verpackt sicher gelagert luftgefedert, klimatisiert, sicherMehr erfahrenVlies, Folie, Kartonage, Tyvec ...Mehr erfahrenKunstlager und SicherheitslagerMehr erfahrenWir verpacken, installieren und transportieren Ihre hochwertigen Objekte professionell und behutsam. Ob Einzelst\u00fccke oder...","protected":false},"author":2,"featured_media":0,"parent":0,"menu_order":0,"comment_status":"closed","ping_status":"closed","template":"","meta":{"footnotes":""},"class_list":["post-3809","page","type-page","status-publish","hentry"],"_links":{"self":[{"href":"https:\/\/www.roggendorf-art.de\/index.php\/wp-json\/wp\/v2\/pages\/3809","targetHints":{"allow":["GET"]}}],"collection":[{"href":"https:\/\/www.roggendorf-art.de\/index.php\/wp-json\/wp\/v2\/pages"}],"about":[{"href":"https:\/\/www.roggendorf-art.de\/index.php\/wp-json\/wp\/v2\/types\/page"}],"author":[{"embeddable":true,"href":"https:\/\/www.roggendorf-art.de\/index.php\/wp-json\/wp\/v2\/users\/2"}],"replies":[{"embeddable":true,"href":"https:\/\/www.roggendorf-art.de\/index.php\/wp-json\/wp\/v2\/comments?post=3809"}],"version-history":[{"count":80,"href":"https:\/\/www.roggendorf-art.de\/index.php\/wp-json\/wp\/v2\/pages\/3809\/revisions"}],"predecessor-version":[{"id":5141,"href":"https:\/\/www.roggendorf-art.de\/index.php\/wp-json\/wp\/v2\/pages\/3809\/revisions\/5141"}],"wp:attachment":[{"href":"https:\/\/www.roggendorf-art.de\/index.php\/wp-json\/wp\/v2\/media?parent=3809"}],"curies":[{"name":"wp","href":"https:\/\/api.w.org\/{rel}","templated":true}]}}