{"id":3811,"date":"2013-05-31T11:57:37","date_gmt":"2013-05-31T11:57:37","guid":{"rendered":"http:\/\/impreza.us-themes.com\/pages\/about\/"},"modified":"2025-02-21T10:09:56","modified_gmt":"2025-02-21T09:09:56","slug":"about","status":"publish","type":"page","link":"https:\/\/www.roggendorf-art.de\/index.php\/about\/","title":{"rendered":"About Us"},"content":{"rendered":"<section class=\"l-section wpb_row height_large color_primary with_img\"><div class=\"l-section-img\" role=\"img\" aria-label=\"Bild\" data-img-width=\"2000\" data-img-height=\"700\" style=\"background-image: url(https:\/\/www.roggendorf-art.de\/wp-content\/uploads\/2013\/05\/\u00fcber_uns_test01.jpg);background-position: top center;background-repeat: no-repeat;\"><\/div><div class=\"l-section-overlay\" style=\"background:rgba(0,0,0,0.01)\"><\/div><div class=\"l-section-h i-cf\"><div class=\"g-cols vc_row via_grid cols_1 laptops-cols_inherit tablets-cols_inherit mobiles-cols_1 valign_top type_default stacking_default\"><div class=\"wpb_column vc_column_container\"><div class=\"vc_column-inner\"><div class=\"w-separator us_custom_fa9ae2a0 has_text_color size_medium with_line width_default thick_1 style_solid color_border align_center\"><div class=\"w-separator-h\"><\/div><\/div><div class=\"wpb_text_column\"><div class=\"wpb_wrapper\"><h1><strong>\u00a0<\/strong><\/h1>\n<\/div><\/div><div class=\"w-separator us_custom_fa9ae2a0 has_text_color size_medium with_line width_default thick_1 style_solid color_border align_center\"><div class=\"w-separator-h\"><\/div><\/div><\/div><\/div><\/div><\/div><\/section><section class=\"l-section wpb_row height_small with_img\"><div class=\"l-section-img\" role=\"img\" aria-label=\"Bild\" data-img-width=\"315\" data-img-height=\"315\" style=\"background-image: url(https:\/\/www.roggendorf-art.de\/wp-content\/uploads\/2015\/11\/leinwand-neu-2.jpg);background-size: auto;\"><\/div><div class=\"l-section-h i-cf\"><div class=\"g-cols vc_row via_grid cols_1 laptops-cols_inherit tablets-cols_inherit mobiles-cols_1 valign_top type_default stacking_default\"><div class=\"wpb_column vc_column_container\"><div class=\"vc_column-inner\"><div id=\"uvc-type-wrap-6223\"  data-ultimate-target='#uvc-type-wrap-6223'  data-responsive-json-new='{\"font-size\":\"desktop:35px;\",\"line-height\":\"desktop:38px;\"}'  class=\"uvc-type-wrap  ult-adjust-bottom-margin ult-responsive  uvc-type-align-center uvc-type-no-prefix uvc-wrap-282945371969f456b519fa0\" style=\"text-align:center;\"><div id=\"vticker-282945371969f456b519fa0\"  data-ultimate-target=&#039;#uvc-type-wrap-6223&#039;  data-responsive-json-new=&#039;{&quot;font-size&quot;:&quot;desktop:35px;&quot;,&quot;line-height&quot;:&quot;desktop:38px;&quot;}&#039;  class=\"ultimate-vticker ticker  ultimate-fancy-text-inherit\" style=\" font-weight:normal; text-transform: unset;\"><ul><li style=&quot;opacity:1&quot;>\u201eDie gesamte Transportabwicklung ist bei uns in besten H\u00e4nden.\u201c<\/li><li style=&quot;opacity:0&quot;>Ingo S\u00fc\u00dfmilch und Olaf Roggendorf, Gesch\u00e4ftsf\u00fchrer<\/li><\/ul><\/div><script type=\"text\/javascript\">\n\t\t\t\t\t\tjQuery(function($){\n\t\t\t\t\t\t\t$(document).ready(function(){\n\t\t\t\t\t\t\t\tif( typeof jQuery(\"#vticker-282945371969f456b519fa0\").easyTicker == \"function\"){\n\t\t\t\t\t\t\t\t\t$(\"#vticker-282945371969f456b519fa0\").find(\"li\").css(\"opacity\",\"1\");\n\t\t\t\t\t\t\t\t\t\n\t\t\t\t\t\t\t\t\t$(\"#vticker-282945371969f456b519fa0\").easyTicker({\n\t\t\t\t\t\t\t\t\t\tdirection: \"up\",\n\t\t\t\t\t\t\t\t\t\teasing: \"swing\",\n\t\t\t\t\t\t\t\t\t\tspeed: \"200\",\n\t\t\t\t\t\t\t\t\t\tinterval: \"3000\",\n\t\t\t\t\t\t\t\t\t\theight: \"auto\",\n\t\t\t\t\t\t\t\t\t\tvisible: \"1\",\n\t\t\t\t\t\t\t\t\t\tmousePause: \"0\",\n\t\t\t\t\t\t\t\t\t\tcontrols: {\n\t\t\t\t\t\t\t\t\t\t\tup: \"\",\n\t\t\t\t\t\t\t\t\t\t\tdown: \"\",\n\t\t\t\t\t\t\t\t\t\t\ttoggle: \"\",\n\t\t\t\t\t\t\t\t\t\t\tplayText: \"Play\",\n\t\t\t\t\t\t\t\t\t\t\tstopText: \"Stop\"\n\t\t\t\t\t\t\t\t\t\t}\n\t\t\t\t\t\t\t\t\t});\n\t\t\t\t\t\t\t\t}\n\t\t\t\t\t\t\t});\n\t\t\t\t\t\t});\n\t\t\t\t\t<\/script><\/div><\/div><\/div><\/div><\/div><\/section><section class=\"l-section wpb_row height_medium\"><div class=\"l-section-h i-cf\"><div class=\"g-cols vc_row via_grid cols_2-1 laptops-cols_inherit tablets-cols_inherit mobiles-cols_1 valign_top type_default stacking_default\"><div class=\"wpb_column vc_column_container\"><div class=\"vc_column-inner\"><div class=\"ult-content-box-container \" >\t\t<div class=\"ult-content-box\" style=\"box-shadow: px px px px rgb(247, 247, 247) none;-webkit-transition: all 700ms ease;-moz-transition: all 700ms ease;-ms-transition: all 700ms ease;-o-transition: all 700ms ease;transition: all 700ms ease;\"  data-hover_box_shadow=\"none\"    ><div class=\"wpb_text_column\"><div class=\"wpb_wrapper\"><h3>TRADITION<\/h3>\n<p>Seit unser Unternehmen 1927 von Josef Roggendorf gegr\u00fcndet wurde, legen wir gr\u00f6\u00dften Wert darauf, dass unsere Kunden mit unserer Leistung zufrieden sind: Wir arbeiten sicher, fachgerecht, pers\u00f6nlich und diskret.<\/p>\n<p>Roggendorf fine art geh\u00f6rt seit 2004 zur OSMAB Unternehmensgruppe, die ihren Hauptsitz in R\u00f6srath bei K\u00f6ln hat.<\/p>\n<h3>VERL\u00c4SSLICHKEIT<\/h3>\n<p>Bei uns werden alle Objekte sorgf\u00e4ltig verpackt, optimal temperiert und p\u00fcnktlich zu Kunstmessen, Auktionen, Ausstellungen oder Lagerorten in der ganzen Welt gebracht. Ob Einzelobjekte oder ganze Ausstellungen mit festangestellten Kunstpackern, langj\u00e4hriger Expertise und verl\u00e4sslichen Kooperationspartnern bringen wir Ihre unersetzbaren Werte sicher ans Ziel.<\/p>\n<h3>KUNDENN\u00c4HE<\/h3>\n<p>Informieren Sie sich im Bereich Leistungen \u00fcber unsere umfangreichen Kunstlogistikleistungen und im Bereich Service \u00fcber alle erg\u00e4nzenden Dienstleistungen von Abh\u00e4ngen bis Zoll. Gerne erstellen wir Ihnen ein unverbindliches Angebot und sagen Ihnen einen fachgerechten, sicheren und diskreten Transport mit pers\u00f6nlichem Service f\u00fcr Ihre Werte zu.<\/p>\n<\/div><\/div>\t\t<\/div><\/div><\/div><\/div><div class=\"wpb_column vc_column_container\"><div class=\"vc_column-inner\"><div class=\"ult-content-box-container \" >\t\t<div class=\"ult-content-box\" style=\"-webkit-transition: all 700ms ease;-moz-transition: all 700ms ease;-ms-transition: all 700ms ease;-o-transition: all 700ms ease;transition: all 700ms ease;\"    ><div class=\"ult-spacer spacer-69f456b51a53a\" data-id=\"69f456b51a53a\" data-height=\"60\" data-height-mobile=\"60\" data-height-tab=\"60\" data-height-tab-portrait=\"\" data-height-mobile-landscape=\"\" style=\"clear:both;display:block;\"><\/div><div class=\"wpb_text_column\"><div class=\"wpb_wrapper\"><p>Lesen Sie mehr \u00fcber uns in der\u00a0<a class=\"fancybox\" href=\"https:\/\/www.roggendorf-art.de\/wp-content\/uploads\/2018\/10\/Roggendorf-fine-art-master-packer-GmbH.pdf\">PARNASS<\/a>.<\/p>\n<\/div><\/div>\t\t<\/div><\/div><\/div><\/div><\/div><\/div><\/section>\n","protected":false},"excerpt":{"rendered":"\u00a0 \u201eDie gesamte Transportabwicklung ist bei uns in besten H\u00e4nden.\u201cIngo S\u00fc\u00dfmilch und Olaf Roggendorf, Gesch\u00e4ftsf\u00fchrer TRADITION Seit unser Unternehmen 1927 von Josef Roggendorf gegr\u00fcndet wurde, legen wir gr\u00f6\u00dften Wert darauf, dass unsere Kunden mit unserer Leistung zufrieden sind: Wir arbeiten sicher, fachgerecht, pers\u00f6nlich und diskret. Roggendorf fine art geh\u00f6rt seit 2004 zur OSMAB Unternehmensgruppe, die...","protected":false},"author":2,"featured_media":0,"parent":0,"menu_order":0,"comment_status":"closed","ping_status":"closed","template":"","meta":{"footnotes":""},"class_list":["post-3811","page","type-page","status-publish","hentry"],"_links":{"self":[{"href":"https:\/\/www.roggendorf-art.de\/index.php\/wp-json\/wp\/v2\/pages\/3811","targetHints":{"allow":["GET"]}}],"collection":[{"href":"https:\/\/www.roggendorf-art.de\/index.php\/wp-json\/wp\/v2\/pages"}],"about":[{"href":"https:\/\/www.roggendorf-art.de\/index.php\/wp-json\/wp\/v2\/types\/page"}],"author":[{"embeddable":true,"href":"https:\/\/www.roggendorf-art.de\/index.php\/wp-json\/wp\/v2\/users\/2"}],"replies":[{"embeddable":true,"href":"https:\/\/www.roggendorf-art.de\/index.php\/wp-json\/wp\/v2\/comments?post=3811"}],"version-history":[{"count":139,"href":"https:\/\/www.roggendorf-art.de\/index.php\/wp-json\/wp\/v2\/pages\/3811\/revisions"}],"predecessor-version":[{"id":5334,"href":"https:\/\/www.roggendorf-art.de\/index.php\/wp-json\/wp\/v2\/pages\/3811\/revisions\/5334"}],"wp:attachment":[{"href":"https:\/\/www.roggendorf-art.de\/index.php\/wp-json\/wp\/v2\/media?parent=3811"}],"curies":[{"name":"wp","href":"https:\/\/api.w.org\/{rel}","templated":true}]}}