{"id":3815,"date":"2013-05-31T11:58:45","date_gmt":"2013-05-31T11:58:45","guid":{"rendered":"http:\/\/impreza.us-themes.com\/pages\/services\/"},"modified":"2025-02-21T10:08:51","modified_gmt":"2025-02-21T09:08:51","slug":"services","status":"publish","type":"page","link":"https:\/\/www.roggendorf-art.de\/index.php\/services\/","title":{"rendered":"Services"},"content":{"rendered":"<section class=\"l-section wpb_row height_large color_primary with_img\"><div class=\"l-section-img\" role=\"img\" aria-label=\"Bild\" data-img-width=\"2000\" data-img-height=\"700\" style=\"background-image: url(https:\/\/www.roggendorf-art.de\/wp-content\/uploads\/2013\/05\/leistungen_01.jpg);background-position: top center;background-repeat: no-repeat;\"><\/div><div class=\"l-section-overlay\" style=\"background:rgba(0,0,0,0.01)\"><\/div><div class=\"l-section-h i-cf\"><div class=\"g-cols vc_row via_grid cols_1 laptops-cols_inherit tablets-cols_inherit mobiles-cols_1 valign_top type_default stacking_default\"><div class=\"wpb_column vc_column_container\"><div class=\"vc_column-inner\"><div class=\"w-separator us_custom_fa9ae2a0 has_text_color size_medium with_line width_default thick_1 style_solid color_border align_center\"><div class=\"w-separator-h\"><\/div><\/div><div class=\"wpb_text_column\"><div class=\"wpb_wrapper\"><h1><strong>\u00a0<\/strong><\/h1>\n<\/div><\/div><div class=\"w-separator us_custom_fa9ae2a0 has_text_color size_medium with_line width_default thick_1 style_solid color_border align_center\"><div class=\"w-separator-h\"><\/div><\/div><\/div><\/div><\/div><\/div><\/section><section class=\"l-section wpb_row height_small with_img\"><div class=\"l-section-img\" role=\"img\" aria-label=\"Bild\" data-img-width=\"315\" data-img-height=\"315\" style=\"background-image: url(https:\/\/www.roggendorf-art.de\/wp-content\/uploads\/2015\/11\/leinwand-neu-2.jpg);background-size: auto;\"><\/div><div class=\"l-section-h i-cf\"><div class=\"g-cols vc_row via_grid cols_1 laptops-cols_inherit tablets-cols_inherit mobiles-cols_1 valign_top type_default stacking_default\"><div class=\"wpb_column vc_column_container\"><div class=\"vc_column-inner\"><div id=\"uvc-type-wrap-7252\"  data-ultimate-target='#uvc-type-wrap-7252'  data-responsive-json-new='{\"font-size\":\"desktop:35px;\",\"line-height\":\"desktop:38px;\"}'  class=\"uvc-type-wrap  ult-adjust-bottom-margin ult-responsive  uvc-type-align-center uvc-type-no-prefix uvc-wrap-405850500769f2ccf2a0817\" style=\"text-align:center;\"><div id=\"vticker-405850500769f2ccf2a0817\"  data-ultimate-target=&#039;#uvc-type-wrap-7252&#039;  data-responsive-json-new=&#039;{&quot;font-size&quot;:&quot;desktop:35px;&quot;,&quot;line-height&quot;:&quot;desktop:38px;&quot;}&#039;  class=\"ultimate-vticker ticker  ultimate-fancy-text-inherit\" style=\" font-weight:normal; text-transform: unset;\"><ul><li style=&quot;opacity:1&quot;>\u201eWir sorgen daf\u00fcr, dass Ihre Werte sicher ankommen.\u201c<\/li><li style=&quot;opacity:0&quot;>Ihr Kunstpacker-Team von Roggendorf fine art<\/li><\/ul><\/div><script type=\"text\/javascript\">\n\t\t\t\t\t\tjQuery(function($){\n\t\t\t\t\t\t\t$(document).ready(function(){\n\t\t\t\t\t\t\t\tif( typeof jQuery(\"#vticker-405850500769f2ccf2a0817\").easyTicker == \"function\"){\n\t\t\t\t\t\t\t\t\t$(\"#vticker-405850500769f2ccf2a0817\").find(\"li\").css(\"opacity\",\"1\");\n\t\t\t\t\t\t\t\t\t\n\t\t\t\t\t\t\t\t\t$(\"#vticker-405850500769f2ccf2a0817\").easyTicker({\n\t\t\t\t\t\t\t\t\t\tdirection: \"up\",\n\t\t\t\t\t\t\t\t\t\teasing: \"swing\",\n\t\t\t\t\t\t\t\t\t\tspeed: \"200\",\n\t\t\t\t\t\t\t\t\t\tinterval: \"3000\",\n\t\t\t\t\t\t\t\t\t\theight: \"auto\",\n\t\t\t\t\t\t\t\t\t\tvisible: \"1\",\n\t\t\t\t\t\t\t\t\t\tmousePause: \"0\",\n\t\t\t\t\t\t\t\t\t\tcontrols: {\n\t\t\t\t\t\t\t\t\t\t\tup: \"\",\n\t\t\t\t\t\t\t\t\t\t\tdown: \"\",\n\t\t\t\t\t\t\t\t\t\t\ttoggle: \"\",\n\t\t\t\t\t\t\t\t\t\t\tplayText: \"Play\",\n\t\t\t\t\t\t\t\t\t\t\tstopText: \"Stop\"\n\t\t\t\t\t\t\t\t\t\t}\n\t\t\t\t\t\t\t\t\t});\n\t\t\t\t\t\t\t\t}\n\t\t\t\t\t\t\t});\n\t\t\t\t\t\t});\n\t\t\t\t\t<\/script><\/div><\/div><\/div><\/div><\/div><\/section><section class=\"l-section wpb_row height_medium\"><div class=\"l-section-h i-cf\"><div class=\"g-cols vc_row via_grid cols_2-1 laptops-cols_inherit tablets-cols_inherit mobiles-cols_1 valign_top type_default stacking_default\"><div class=\"wpb_column vc_column_container\"><div class=\"vc_column-inner\"><div class=\"ult-content-box-container \" >\t\t<div class=\"ult-content-box\" style=\"-webkit-transition: all 700ms ease;-moz-transition: all 700ms ease;-ms-transition: all 700ms ease;-o-transition: all 700ms ease;transition: all 700ms ease;\"    ><div class=\"wpb_text_column\"><div class=\"wpb_wrapper\"><h3>TRANSPORT VON KUNST UND ANTIQUIT\u00c4TEN \u2013 WELTWEIT<\/h3>\n<p>Wir beraten Sie pers\u00f6nlich und \u00fcbernehmen die logistische Planung, die Verpackung, den Transport und die Abwicklung aller Formalit\u00e4ten. Als Spezialist im Bereich Kunstlogistik transportieren wir Ihre Wertgegenst\u00e4nde weltweit, ob Einzelst\u00fccke oder ganze Ausstellungen. Au\u00dferdem bieten wir Umz\u00fcge und Automobiltransporte an.<\/p>\n<\/div><\/div>\t\t<\/div><\/div><div class=\"w-separator size_medium\"><\/div><div class=\"ult-content-box-container \" >\t\t<div class=\"ult-content-box\" style=\"box-shadow: px px px px rgb(247, 247, 247) none;-webkit-transition: all 700ms ease;-moz-transition: all 700ms ease;-ms-transition: all 700ms ease;-o-transition: all 700ms ease;transition: all 700ms ease;\"  data-hover_box_shadow=\"none\"    ><div class=\"w-tabs style_default switch_click accordion type_togglable has_scrolling\" style=\"--sections-title-size:inherit\"><div class=\"w-tabs-sections titles-align_none icon_chevron cpos_right\"><div class=\"w-tabs-section\" id=\"l33e\"><button class=\"w-tabs-section-header\" aria-controls=\"content-l33e\" aria-expanded=\"false\"><div class=\"w-tabs-section-title\">FACHGERECHT TRANSPORTIERT<\/div><div class=\"w-tabs-section-control\"><\/div><\/button><div  class=\"w-tabs-section-content\" id=\"content-l33e\"><div class=\"w-tabs-section-content-h i-cf\"><div class=\"w-image align_center\"><div class=\"w-image-h\"><img decoding=\"async\" width=\"705\" height=\"401\" src=\"https:\/\/www.roggendorf-art.de\/wp-content\/uploads\/2015\/11\/Roggendorf_leistungen_transport.jpg\" class=\"attachment-large size-large\" alt=\"\" loading=\"lazy\" srcset=\"https:\/\/www.roggendorf-art.de\/wp-content\/uploads\/2015\/11\/Roggendorf_leistungen_transport.jpg 705w, https:\/\/www.roggendorf-art.de\/wp-content\/uploads\/2015\/11\/Roggendorf_leistungen_transport-300x171.jpg 300w, https:\/\/www.roggendorf-art.de\/wp-content\/uploads\/2015\/11\/Roggendorf_leistungen_transport-600x341.jpg 600w\" sizes=\"auto, (max-width: 705px) 100vw, 705px\" \/><\/div><\/div><div class=\"wpb_text_column\"><div class=\"wpb_wrapper\"><ul>\n<li>in luftgefederten, klimatisierten, temperierten und alarmgesicherten LKW und Transportern<\/li>\n<li>mit festangestellten Kunstpackern mit langj\u00e4hriger Expertise<\/li>\n<li>per Luft- oder Seefracht inklusive der Verzollung<\/li>\n<li>auch gro\u00dfe, schwere und fragile Obekte bewegen wir f\u00fcr Sie<\/li>\n<\/ul>\n<\/div><\/div><\/div><\/div><\/div><div class=\"w-tabs-section\" id=\"o6ac\"><button class=\"w-tabs-section-header\" aria-controls=\"content-o6ac\" aria-expanded=\"false\"><div class=\"w-tabs-section-title\">SORGF\u00c4LTIG VERPACKT<\/div><div class=\"w-tabs-section-control\"><\/div><\/button><div  class=\"w-tabs-section-content\" id=\"content-o6ac\"><div class=\"w-tabs-section-content-h i-cf\"><div class=\"w-image align_center\"><div class=\"w-image-h\"><img decoding=\"async\" width=\"705\" height=\"632\" src=\"https:\/\/www.roggendorf-art.de\/wp-content\/uploads\/2015\/11\/Roggendorf_leistungen_verpackt.jpg\" class=\"attachment-large size-large\" alt=\"\" loading=\"lazy\" srcset=\"https:\/\/www.roggendorf-art.de\/wp-content\/uploads\/2015\/11\/Roggendorf_leistungen_verpackt.jpg 705w, https:\/\/www.roggendorf-art.de\/wp-content\/uploads\/2015\/11\/Roggendorf_leistungen_verpackt-300x269.jpg 300w, https:\/\/www.roggendorf-art.de\/wp-content\/uploads\/2015\/11\/Roggendorf_leistungen_verpackt-600x538.jpg 600w\" sizes=\"auto, (max-width: 705px) 100vw, 705px\" \/><\/div><\/div><div class=\"wpb_text_column\"><div class=\"wpb_wrapper\"><ul>\n<li>Verpackungen \u2013 speziell f\u00fcr den Kunstbereich \u2013 werden durch uns st\u00e4ndig weiterentwickelt.<\/li>\n<li>mit ma\u00dfgeschneiderten Verpackungsl\u00f6sungen oder<\/li>\n<li>Standardverpackungen zur Miete:\n<ul>\n<li>Klimakisten, Art Cases, Luftfrachtkisten, Transportrahmen, Picture Frame Bags sowie Softverpackungen und Kartonage.<\/li>\n<\/ul>\n<\/li>\n<\/ul>\n<\/div><\/div><\/div><\/div><\/div><div class=\"w-tabs-section\" id=\"s772\"><button class=\"w-tabs-section-header\" aria-controls=\"content-s772\" aria-expanded=\"false\"><div class=\"w-tabs-section-title\">SERVICEORIENTIERT ANGEBOTEN<\/div><div class=\"w-tabs-section-control\"><\/div><\/button><div  class=\"w-tabs-section-content\" id=\"content-s772\"><div class=\"w-tabs-section-content-h i-cf\"><div class=\"wpb_text_column\"><div class=\"wpb_wrapper\"><ul>\n<li>weltweite Kurierierbegleitung<\/li>\n<li>ma\u00dfgerechtes Angebot an Kunstversicherungen<\/li>\n<li>Installation, H\u00e4ngung und Abbau von Kunstwerken durch versiertes Fachpersonal<\/li>\n<li>Abwicklung aller Zollformalit\u00e4ten<\/li>\n<li>Beratung und unverbindliche Angebotserstellung<\/li>\n<\/ul>\n<\/div><\/div><\/div><\/div><\/div><div class=\"w-tabs-section\" id=\"k829\"><button class=\"w-tabs-section-header\" aria-controls=\"content-k829\" aria-expanded=\"false\"><div class=\"w-tabs-section-title\">SICHER GELAGERT<\/div><div class=\"w-tabs-section-control\"><\/div><\/button><div  class=\"w-tabs-section-content\" id=\"content-k829\"><div class=\"w-tabs-section-content-h i-cf\"><div class=\"wpb_text_column\"><div class=\"wpb_wrapper\"><ul>\n<li>Einlagerungs\u00adm\u00f6glichkeiten im Kunstlager in abge\u00adschlossenen Boxen und Sammel\u00adfl\u00e4chen oder im zus\u00e4tzlich gesicherten Sicherheits\u00adlager<\/li>\n<li>Zwischen\u00adlagerungen, Kurzzeit\u00adlager oder lang\u00adfristige Ein\u00adlagerung<\/li>\n<li>mit Bring- und Holdienst und Pr\u00e4sentations\u00adm\u00f6glichkeit<\/li>\n<li>Zusatz\u00adleistungen wie Spezial\u00adverpackung, Foto\u00adgrafie, Doku\u00admentation, Zustands\u00adprotokolle oder Vermittlung von Restaurierungs\u00adleistungen<\/li>\n<\/ul>\n<\/div><\/div><\/div><\/div><\/div><\/div><\/div>\t\t<\/div><\/div><div class=\"w-separator size_medium\"><\/div><div class=\"ult-content-box-container \" >\t\t<div class=\"ult-content-box\" style=\"-webkit-transition: all 700ms ease;-moz-transition: all 700ms ease;-ms-transition: all 700ms ease;-o-transition: all 700ms ease;transition: all 700ms ease;\"    ><div class=\"wpb_text_column\"><div class=\"wpb_wrapper\"><h3>SERVICE VON AUFBAU BIS ZOLL<\/h3>\n<p>Unsere erfahrenen Mitarbeiter bieten Ihnen eine profes\u00adsionelle Rundum-Betreuung in allen Bereichen des Kunst-Handlings. Gern k\u00fcmmern wir uns um s\u00e4mtliche Aufgaben rund um den Transport und unter\u00adst\u00fctzen Sie bei der Installation, H\u00e4ngung oder dem Abbau von Kunst\u00adobjekten \u2013 absolut zuverl\u00e4ssig und ganz auf Ihre individuellen W\u00fcnsche zugeschnitten.<\/p>\n<p>Gerne beantworten wir Ihre Anfrage. Verwenden Sie daf\u00fcr unser <a href=\"http:\/\/www.roggendorf-art.de\/contact\/\">Kontaktformular <\/a>oder rufen Sie uns an.<\/p>\n<\/div><\/div>\t\t<\/div><\/div><\/div><\/div><div class=\"wpb_column vc_column_container\"><div class=\"vc_column-inner\"><\/div><\/div><\/div><\/div><\/section>\n","protected":false},"excerpt":{"rendered":"\u00a0 \u201eWir sorgen daf\u00fcr, dass Ihre Werte sicher ankommen.\u201cIhr Kunstpacker-Team von Roggendorf fine art TRANSPORT VON KUNST UND ANTIQUIT\u00c4TEN \u2013 WELTWEIT Wir beraten Sie pers\u00f6nlich und \u00fcbernehmen die logistische Planung, die Verpackung, den Transport und die Abwicklung aller Formalit\u00e4ten. Als Spezialist im Bereich Kunstlogistik transportieren wir Ihre Wertgegenst\u00e4nde weltweit, ob Einzelst\u00fccke oder ganze Ausstellungen. Au\u00dferdem...","protected":false},"author":2,"featured_media":0,"parent":0,"menu_order":0,"comment_status":"closed","ping_status":"closed","template":"","meta":{"footnotes":""},"class_list":["post-3815","page","type-page","status-publish","hentry"],"_links":{"self":[{"href":"https:\/\/www.roggendorf-art.de\/index.php\/wp-json\/wp\/v2\/pages\/3815","targetHints":{"allow":["GET"]}}],"collection":[{"href":"https:\/\/www.roggendorf-art.de\/index.php\/wp-json\/wp\/v2\/pages"}],"about":[{"href":"https:\/\/www.roggendorf-art.de\/index.php\/wp-json\/wp\/v2\/types\/page"}],"author":[{"embeddable":true,"href":"https:\/\/www.roggendorf-art.de\/index.php\/wp-json\/wp\/v2\/users\/2"}],"replies":[{"embeddable":true,"href":"https:\/\/www.roggendorf-art.de\/index.php\/wp-json\/wp\/v2\/comments?post=3815"}],"version-history":[{"count":34,"href":"https:\/\/www.roggendorf-art.de\/index.php\/wp-json\/wp\/v2\/pages\/3815\/revisions"}],"predecessor-version":[{"id":5332,"href":"https:\/\/www.roggendorf-art.de\/index.php\/wp-json\/wp\/v2\/pages\/3815\/revisions\/5332"}],"wp:attachment":[{"href":"https:\/\/www.roggendorf-art.de\/index.php\/wp-json\/wp\/v2\/media?parent=3815"}],"curies":[{"name":"wp","href":"https:\/\/api.w.org\/{rel}","templated":true}]}}