{"id":4318,"date":"2015-11-09T15:42:41","date_gmt":"2015-11-09T14:42:41","guid":{"rendered":"http:\/\/wordpress.designkarussell.com\/?page_id=4318"},"modified":"2025-04-09T15:54:51","modified_gmt":"2025-04-09T13:54:51","slug":"karriere","status":"publish","type":"page","link":"https:\/\/www.roggendorf-art.de\/index.php\/karriere\/","title":{"rendered":"Karriere"},"content":{"rendered":"<section class=\"l-section wpb_row height_large color_primary with_img\"><div class=\"l-section-img\" role=\"img\" aria-label=\"Bild\" data-img-width=\"2000\" data-img-height=\"700\" style=\"background-image: url(https:\/\/www.roggendorf-art.de\/wp-content\/uploads\/2015\/11\/karriere-roggendorf.jpg);background-position: top center;background-repeat: no-repeat;\"><\/div><div class=\"l-section-h i-cf\"><div class=\"g-cols vc_row via_grid cols_1 laptops-cols_inherit tablets-cols_inherit mobiles-cols_1 valign_top type_default stacking_default\"><div class=\"wpb_column vc_column_container\"><div class=\"vc_column-inner\"><div class=\"w-separator size_medium\"><\/div><div class=\"wpb_text_column\"><div class=\"wpb_wrapper\"><\/div><\/div><div class=\"w-separator size_medium\"><\/div><\/div><\/div><\/div><\/div><\/section><section class=\"l-section wpb_row height_small with_img\"><div class=\"l-section-img\" role=\"img\" aria-label=\"Bild\" data-img-width=\"315\" data-img-height=\"315\" style=\"background-image: url(https:\/\/www.roggendorf-art.de\/wp-content\/uploads\/2015\/11\/leinwand-neu-2.jpg);background-position: top center;background-size: auto;\"><\/div><div class=\"l-section-h i-cf\"><div class=\"g-cols vc_row via_grid cols_1 laptops-cols_inherit tablets-cols_inherit mobiles-cols_1 valign_top type_default stacking_default\"><div class=\"wpb_column vc_column_container\"><div class=\"vc_column-inner\"><div id=\"uvc-type-wrap-1805\"  data-ultimate-target='#uvc-type-wrap-1805'  data-responsive-json-new='{\"font-size\":\"desktop:35px;\",\"line-height\":\"desktop:38px;\"}'  class=\"uvc-type-wrap  ult-adjust-bottom-margin ult-responsive  uvc-type-align-center uvc-type-no-prefix uvc-wrap-183772717169f550c088349\" style=\"text-align:center;\"><span id=\"typed-183772717169f550c088349\" class=\"ultimate-typed-main \" style=\" font-weight:normal; text-transform: unset;\"><\/span><script type=\"text\/javascript\">\n\t\t\t\t\t\tjQuery(function($){ \n\t\t\t\t\t\t\t$(document).ready(function(){\n\t\t\t\t\t\t\t\tif( typeof jQuery(\"#typed-183772717169f550c088349\").typed == \"function\"){\n\t\t\t\t\t\t\t\t\t$(\"#typed-183772717169f550c088349\").typed({\n\t\t\t\t\t\t\t\t\t\tstrings: [\"Wir freuen uns auf Ihre Bewerbung!\",\"Kunstpacker bei Roggendorf fine art\"],\n\t\t\t\t\t\t\t\t\t\ttypeSpeed: 35,\n\t\t\t\t\t\t\t\t\t\tbackSpeed: 0,\n\t\t\t\t\t\t\t\t\t\tstartDelay: \"200\",\n\t\t\t\t\t\t\t\t\t\tbackDelay: \"1500\",\n\t\t\t\t\t\t\t\t\t\tloop: true,\n\t\t\t\t\t\t\t\t\t\tloopCount: false,\n\t\t\t\t\t\t\t\t\t\tshowCursor: true,\n\t\t\t\t\t\t\t\t\t\tcursorChar: \"|\",\n\t\t\t\t\t\t\t\t\t\tattr: null\n\t\t\t\t\t\t\t\t\t});\n\t\t\t\t\t\t\t\t}\n\t\t\t\t\t\t\t});\n\t\t\t\t\t\t});\n\t\t\t\t\t<\/script><\/div><div class=\"wpb_text_column\"><div class=\"wpb_wrapper\"><\/div><\/div><\/div><\/div><\/div><\/div><\/section><section class=\"l-section wpb_row height_medium\"><div class=\"l-section-h i-cf\"><div class=\"g-cols vc_row via_grid cols_1 laptops-cols_inherit tablets-cols_inherit mobiles-cols_1 valign_top type_default stacking_default\"><div class=\"wpb_column vc_column_container\"><div class=\"vc_column-inner\"><div class=\"wpb_text_column\"><div class=\"wpb_wrapper\"><p>Roggendorf fine art bietet als Kunstlogistikunternehmen den weltweiten Transport von Kunst und Antiquit\u00e4ten an.<br \/>\nAls expandierendes Unternehmen suchen wir aktuell f\u00fcr unseren Standort in K\u00f6ln<\/p>\n<\/div><\/div><div class=\"w-separator size_medium\"><\/div><div class=\"w-tabs style_default switch_click accordion has_scrolling\" style=\"--sections-title-size:inherit\"><div class=\"w-tabs-sections titles-align_none icon_chevron cpos_right\"><div class=\"w-tabs-section\" id=\"i906\"><button class=\"w-tabs-section-header\" aria-controls=\"content-i906\" aria-expanded=\"false\"><div class=\"w-tabs-section-title\">Fahrer (Klasse 2)<\/div><div class=\"w-tabs-section-control\"><\/div><\/button><div  class=\"w-tabs-section-content\" id=\"content-i906\"><div class=\"w-tabs-section-content-h i-cf\"><div class=\"wpb_text_column\"><div class=\"wpb_wrapper\"><p>Nutzen Sie Ihre Chance und werden Sie Teil des Teams von <span>Roggendorf fine art \u2013 master packer GmbH <\/span>in K\u00f6ln! Wir freuen uns auf Ihre aussagekr\u00e4ftige Bewerbung. Nutzen Sie gerne den folgenden Link:<\/p>\n<\/div><\/div><div class=\"w-actionbox us_custom_d9f4a722 has_text_color color_primary controls_right\"><div class=\"w-actionbox-text\"><h2 class=\"w-actionbox-title\">Interesse?<\/h2><div class=\"w-actionbox-description\"><p class=\"scheme-headline\"><span style=\"font-size: 16px;\">Wir freuen uns auf Ihre Bewerbung!<\/span><\/p>\n<\/div><\/div><div class=\"w-actionbox-controls\"><a class=\"w-btn us-btn-style_1 icon_atleft\" target=\"_blank\" href=\"https:\/\/z99tqh59fcy.typeform.com\/to\/EduQ6dp9\"><i class=\"fas fa-truck\"><\/i><span class=\"w-btn-label\">Jetzt bewerben!<\/span><\/a><\/div><\/div><\/div><\/div><\/div><div class=\"w-tabs-section\" id=\"da6d\"><button class=\"w-tabs-section-header\" aria-controls=\"content-da6d\" aria-expanded=\"false\"><div class=\"w-tabs-section-title\">Kunstpacker<\/div><div class=\"w-tabs-section-control\"><\/div><\/button><div  class=\"w-tabs-section-content\" id=\"content-da6d\"><div class=\"w-tabs-section-content-h i-cf\"><div class=\"wpb_text_column\"><div class=\"wpb_wrapper\"><p>Wenn Sie sich f\u00fcr die Welt der feinen K\u00fcnste begeistern und eine berufliche Herausforderung bei <span>Roggendorf fine art \u2013 master packer GmbH<\/span> in K\u00f6ln suchen, dann bewerben Sie sich jetzt!<\/p>\n<\/div><\/div><div class=\"w-actionbox us_custom_d9f4a722 has_text_color color_primary controls_right\"><div class=\"w-actionbox-text\"><h2 class=\"w-actionbox-title\">Interesse?<\/h2><div class=\"w-actionbox-description\"><p class=\"scheme-headline\"><span style=\"font-size: 16px;\">Wir freuen uns auf Ihre Bewerbung!<\/span><\/p>\n<\/div><\/div><div class=\"w-actionbox-controls\"><a class=\"w-btn us-btn-style_1 icon_atleft\" target=\"_blank\" href=\"https:\/\/www.roggendorf-art.de\/index.php\/bewerbung\/\"><i class=\"fas fa-box\"><\/i><span class=\"w-btn-label\">Jetzt bewerben!<\/span><\/a><\/div><\/div><\/div><\/div><\/div><\/div><\/div><div class=\"w-separator size_medium\"><\/div><div class=\"wpb_text_column\"><div class=\"wpb_wrapper\"><p>Bitte beachten Sie auch unsere <a href=\"http:\/\/www.roggendorf-art.de\/wp-content\/uploads\/2018\/07\/Datenschutzerkl\u00e4rung-f\u00fcr-Bewerbungen.pdf\" target=\"_blank\" rel=\"noopener\">Datenschutzerkl\u00e4rung f\u00fcr Bewerbungen<\/a>.<\/p>\n<\/div><\/div><\/div><\/div><\/div><\/div><\/section>\n","protected":false},"excerpt":{"rendered":"Roggendorf fine art bietet als Kunstlogistikunternehmen den weltweiten Transport von Kunst und Antiquit\u00e4ten an. Als expandierendes Unternehmen suchen wir aktuell f\u00fcr unseren Standort in K\u00f6ln Fahrer (Klasse 2)Nutzen Sie Ihre Chance und werden Sie Teil des Teams von Roggendorf fine art \u2013 master packer GmbH in K\u00f6ln! Wir freuen uns auf Ihre aussagekr\u00e4ftige Bewerbung. Nutzen...","protected":false},"author":2,"featured_media":4412,"parent":0,"menu_order":0,"comment_status":"closed","ping_status":"closed","template":"","meta":{"footnotes":""},"class_list":["post-4318","page","type-page","status-publish","has-post-thumbnail","hentry"],"_links":{"self":[{"href":"https:\/\/www.roggendorf-art.de\/index.php\/wp-json\/wp\/v2\/pages\/4318","targetHints":{"allow":["GET"]}}],"collection":[{"href":"https:\/\/www.roggendorf-art.de\/index.php\/wp-json\/wp\/v2\/pages"}],"about":[{"href":"https:\/\/www.roggendorf-art.de\/index.php\/wp-json\/wp\/v2\/types\/page"}],"author":[{"embeddable":true,"href":"https:\/\/www.roggendorf-art.de\/index.php\/wp-json\/wp\/v2\/users\/2"}],"replies":[{"embeddable":true,"href":"https:\/\/www.roggendorf-art.de\/index.php\/wp-json\/wp\/v2\/comments?post=4318"}],"version-history":[{"count":30,"href":"https:\/\/www.roggendorf-art.de\/index.php\/wp-json\/wp\/v2\/pages\/4318\/revisions"}],"predecessor-version":[{"id":5356,"href":"https:\/\/www.roggendorf-art.de\/index.php\/wp-json\/wp\/v2\/pages\/4318\/revisions\/5356"}],"wp:featuredmedia":[{"embeddable":true,"href":"https:\/\/www.roggendorf-art.de\/index.php\/wp-json\/wp\/v2\/media\/4412"}],"wp:attachment":[{"href":"https:\/\/www.roggendorf-art.de\/index.php\/wp-json\/wp\/v2\/media?parent=4318"}],"curies":[{"name":"wp","href":"https:\/\/api.w.org\/{rel}","templated":true}]}}