{"id":4661,"date":"2018-07-25T14:12:06","date_gmt":"2018-07-25T12:12:06","guid":{"rendered":"http:\/\/www.roggendorf-art.de\/?page_id=4661"},"modified":"2022-12-06T13:53:38","modified_gmt":"2022-12-06T12:53:38","slug":"datenschutzerklaerung","status":"publish","type":"page","link":"https:\/\/www.roggendorf-art.de\/index.php\/datenschutzerklaerung\/","title":{"rendered":"Datenschutzerkl\u00e4rung"},"content":{"rendered":"<p><strong>Datenschutzhinweis<\/strong><br \/>\nVielen Dank f\u00fcr Ihren Besuch auf unserer Internetseite und f\u00fcr Ihr Interesse an unserem Unternehmen. Wir m\u00f6chten, dass Sie angenehm durch unsere Seiten surfen und keine unangenehmen \u00dcberraschungen erleben.<br \/>\nDie Nutzung unserer Webseite ist in der Regel ohne Angabe personenbezogener Daten m\u00f6glich. Jedoch k\u00f6nnen Sie auf unserer Internetseite unter der Seite \u201eKontakt\u201c Ihre personenbezogenen Daten eingeben. Diese Daten werden nur zur Bearbeitung und Dokumentation Ihrer Anfrage gespeichert. Diese Daten werden nur weitergegeben, wenn dies zur Bearbeitung Ihrer Anfrage erforderlich ist. Zu Werbezwecken werden diese Daten nicht an Dritte weitergegeben. Es ist Ihnen jederzeit m\u00f6glich, kostenlos Auskunft \u00fcber Ihre Daten zu erhalten und diese ab\u00e4ndern zu lassen.<br \/>\nWenn Sie uns per Kontaktformular Anfragen zukommen lassen, werden Ihre Angaben aus dem Anfrageformular inklusive der von Ihnen dort angegebenen Kontaktdaten zwecks Bearbeitung der Anfrage und f\u00fcr den Fall von Anschlussfragen bei uns gespeichert. Diese Daten geben wir nicht ohne Ihre Einwilligung weiter.<br \/>\nZus\u00e4tzlich werden von unserem Internetserviceprovider bei Ihrem Besuch in sogenannten Logfiles Daten gesammelt. Dabei erhalten wir den Namen Ihres Internetserviceproviders, Ihre IP-Adresse, die Internetseite, von der Sie auf unsere Internetseite gekommen sind, die Internetseiten, die Sie bei uns besuchen und Datum, Uhrzeit und Dauer Ihres Besuches. Diese Daten dienen nur statistischen Zwecken. Ein Personenbezug wird von uns nicht hergestellt.<br \/>\nWir verwenden Cookies, mit denen w\u00e4hrend Ihres Besuches auf unserer Internetseite Daten auf Ihrem Rechner gespeichert werden. Dort werden Daten gespeichert, die die Anzeige der Internetseite optimieren und Ihnen das Surfen angenehmer machen. Die Daten werden von uns nicht ausgewertet. Vor derartigen Cookies k\u00f6nnen Sie sich auch durch entsprechende Einstellungen in Ihrem Internetbrowser sch\u00fctzen.<br \/>\nWir weisen darauf hin, dass die Daten\u00fcbertragung im Internet (z.B. bei der Kommunikation per E-Mail) Sicherheitsl\u00fccken aufweisen kann. Ein l\u00fcckenloser Schutz der Daten vor dem Zugriff durch Dritte ist nicht m\u00f6glich.<\/p>\n<p>Einsatz von Google Analytics<br \/>\nDiese Website benutzt Google Analytics, einen Webanalysedienst der Google Inc. (\u201eGoogle\u201c). Google Analytics verwendet sog. \u201eCookies\u201c, Textdateien, die auf Ihrem Computer gespeichert werden und die eine Analyse der Benutzung der Website durch Sie erm\u00f6glichen. Die durch das Cookie erzeugten Informationen \u00fcber Ihre Benutzung dieser Website werden in der Regel an einen Server von Google in den USA \u00fcbertragen und dort gespeichert.<br \/>\nWir weisen Sie darauf hin, dass auf dieser Website Google Analytics um den Code \u201egat._anonymizeIp();\u201c erweitert wurde, um eine anonymisierte Erfassung von IP-Adressen (sog. IP-Masking) zu gew\u00e4hrleisten. Dadurch wird Ihre IP-Adresse von Google jedoch innerhalb von Mitgliedstaaten der Europ\u00e4ischen Union oder in anderen Vertragsstaaten des Abkommens \u00fcber den Europ\u00e4ischen Wirtschaftsraum zuvor gek\u00fcrzt. Nur in Ausnahmef\u00e4llen wird die volle IP-Adresse an einen Server von Google in den USA \u00fcbertragen und dort gek\u00fcrzt.<br \/>\nIm Auftrag des Betreibers dieser Website wird Google diese Informationen benutzen, um Ihre Nutzung der Website auszuwerten, um Reports \u00fcber die Websiteaktivit\u00e4ten zusammenzustellen und um weitere mit der Websitenutzung und der Internetnutzung verbundene Dienstleistungen gegen\u00fcber dem Websitebetreiber zu erbringen. Die im Rahmen von Google Analytics von Ihrem Browser \u00fcbermittelte IP-Adresse wird nicht mit anderen Daten von Google zusammengef\u00fchrt. Sie k\u00f6nnen die Speicherung der Cookies durch eine entsprechende Einstellung Ihrer Browser-Software verhindern; wir weisen Sie jedoch darauf hin, dass Sie in diesem Fall gegebenenfalls nicht s\u00e4mtliche Funktionen dieser Website vollumf\u00e4nglich werden nutzen k\u00f6nnen.<br \/>\nSie k\u00f6nnen dar\u00fcber hinaus die Erfassung der durch das Cookie erzeugten und auf Ihre Nutzung der Website bezogenen Daten (inkl. Ihrer IP-Adresse) an Google sowie die Verarbeitung dieser Daten durch Google verhindern, indem Sie das unter dem folgenden Link (http:\/\/tools.google.com\/dlpage\/gaoptout?hl=de) verf\u00fcgbare Browser-Plugin herunterladen und installieren.<br \/>\nSie k\u00f6nnen die Erfassung durch Google Analytics verhindern, indem Sie auf den gr\u00fcnen Button \u201eAnalytics Einstellungen\u201c anklicken. Danach k\u00f6nnen Sie ausw\u00e4hlen, ob Sie Google analytics zulassen, deaktivieren oder einmalig zulassen. Falls Sie Google Analytics dort deaktivieren, wird ein Opt-Out-Cookie gesetzt, das die zuk\u00fcnftige Erfassung Ihrer Daten beim Besuch dieser Website verhindert.<br \/>\nN\u00e4here Informationen zu Nutzungsbedingungen und Datenschutz finden Sie unter www.google.com\/analytics\/terms\/de.html bzw. unter www.google.de\/intl\/de\/policies\/.<br \/>\nEntsprechend dem geltenden Datenschutzrecht teilen wir Ihnen auf Anfrage gerne mit, ob und welche pers\u00f6nlichen Daten wir \u00fcber Sie bei uns gespeichert haben.<\/p>\n","protected":false},"excerpt":{"rendered":"<p>Datenschutzhinweis Vielen Dank f\u00fcr Ihren Besuch auf unserer Internetseite und f\u00fcr Ihr Interesse an unserem Unternehmen. Wir m\u00f6chten, dass Sie angenehm durch unsere Seiten surfen und keine unangenehmen \u00dcberraschungen erleben. Die Nutzung unserer Webseite ist in der Regel ohne Angabe personenbezogener Daten m\u00f6glich. Jedoch k\u00f6nnen Sie auf unserer Internetseite unter der Seite \u201eKontakt\u201c Ihre personenbezogenen&#8230;<\/p>\n","protected":false},"author":2,"featured_media":0,"parent":0,"menu_order":0,"comment_status":"closed","ping_status":"closed","template":"","meta":{"footnotes":""},"class_list":["post-4661","page","type-page","status-publish","hentry"],"_links":{"self":[{"href":"https:\/\/www.roggendorf-art.de\/index.php\/wp-json\/wp\/v2\/pages\/4661","targetHints":{"allow":["GET"]}}],"collection":[{"href":"https:\/\/www.roggendorf-art.de\/index.php\/wp-json\/wp\/v2\/pages"}],"about":[{"href":"https:\/\/www.roggendorf-art.de\/index.php\/wp-json\/wp\/v2\/types\/page"}],"author":[{"embeddable":true,"href":"https:\/\/www.roggendorf-art.de\/index.php\/wp-json\/wp\/v2\/users\/2"}],"replies":[{"embeddable":true,"href":"https:\/\/www.roggendorf-art.de\/index.php\/wp-json\/wp\/v2\/comments?post=4661"}],"version-history":[{"count":3,"href":"https:\/\/www.roggendorf-art.de\/index.php\/wp-json\/wp\/v2\/pages\/4661\/revisions"}],"predecessor-version":[{"id":4677,"href":"https:\/\/www.roggendorf-art.de\/index.php\/wp-json\/wp\/v2\/pages\/4661\/revisions\/4677"}],"wp:attachment":[{"href":"https:\/\/www.roggendorf-art.de\/index.php\/wp-json\/wp\/v2\/media?parent=4661"}],"curies":[{"name":"wp","href":"https:\/\/api.w.org\/{rel}","templated":true}]}}