{"id":5348,"date":"2025-04-09T13:12:01","date_gmt":"2025-04-09T11:12:01","guid":{"rendered":"https:\/\/www.roggendorf-art.de\/?page_id=5348"},"modified":"2025-04-09T14:09:17","modified_gmt":"2025-04-09T12:09:17","slug":"bewerbung","status":"publish","type":"page","link":"https:\/\/www.roggendorf-art.de\/index.php\/bewerbung\/","title":{"rendered":"Bewerbung"},"content":{"rendered":"<section class=\"l-section wpb_row height_medium\"><div class=\"l-section-h i-cf\"><div class=\"g-cols vc_row via_grid cols_1 laptops-cols_inherit tablets-cols_inherit mobiles-cols_1 valign_top type_default stacking_default\"><div class=\"wpb_column vc_column_container\"><div class=\"vc_column-inner\">\n<div class=\"wpcf7 no-js\" id=\"wpcf7-f5347-o1\" lang=\"de-DE\" dir=\"ltr\" data-wpcf7-id=\"5347\">\n<div class=\"screen-reader-response\"><p role=\"status\" aria-live=\"polite\" aria-atomic=\"true\"><\/p> <ul><\/ul><\/div>\n<form action=\"\/index.php\/wp-json\/wp\/v2\/pages\/5348#wpcf7-f5347-o1\" method=\"post\" class=\"wpcf7-form init\" aria-label=\"Kontaktformular\" enctype=\"multipart\/form-data\" novalidate=\"novalidate\" data-status=\"init\">\n<fieldset class=\"hidden-fields-container\"><input type=\"hidden\" name=\"_wpcf7\" value=\"5347\" \/><input type=\"hidden\" name=\"_wpcf7_version\" value=\"6.1.5\" \/><input type=\"hidden\" name=\"_wpcf7_locale\" value=\"de_DE\" \/><input type=\"hidden\" name=\"_wpcf7_unit_tag\" value=\"wpcf7-f5347-o1\" \/><input type=\"hidden\" name=\"_wpcf7_container_post\" value=\"0\" \/><input type=\"hidden\" name=\"_wpcf7_posted_data_hash\" value=\"\" \/>\n<\/fieldset>\n<p>\u00dcber den Upload-Button k\u00f6nnen Sie Ihre Unterlagen (Lebenslauf etc.) hochladen. Bitte beachten Sie, dass die mit * markierten Felder unbedingt auszuf\u00fcllen sind. Wir freuen uns auf Ihre Bewerbung!<br \/>\n<hr \/>\n<\/p>\n<table>\n\t<tbody>\n\t\t<tr>\n\t\t\t<td>\n\t\t\t\t<lable>Anrede\n\t\t\t\t\t<p><span class=\"wpcf7-form-control-wrap\" data-name=\"select-389\"><select class=\"wpcf7-form-control wpcf7-select\" aria-invalid=\"false\" name=\"select-389\"><option value=\"---\">---<\/option><option value=\"Herr\">Herr<\/option><option value=\"Frau\">Frau<\/option><\/select><\/span>\n\t\t\t\t\t<\/p>\n\t\t\t\t<\/lable>\n\t\t\t<\/td>\n\t\t\t<td>\n\t\t\t\t<lable>Titel\n\t\t\t\t\t<p><span class=\"wpcf7-form-control-wrap\" data-name=\"select-390\"><select class=\"wpcf7-form-control wpcf7-select\" aria-invalid=\"false\" name=\"select-390\"><option value=\"---\">---<\/option><option value=\"Dr.\">Dr.<\/option><option value=\"Prof.\">Prof.<\/option><\/select><\/span>\n\t\t\t\t\t<\/p>\n\t\t\t\t<\/lable>\n\t\t\t<\/td>\n\t\t<\/tr>\n\t\t<tr>\n\t\t\t<td>\n\t\t\t\t<p><label>Vorname* <span class=\"wpcf7-form-control-wrap\" data-name=\"surname\"><input size=\"40\" maxlength=\"400\" class=\"wpcf7-form-control wpcf7-text wpcf7-validates-as-required\" autocomplete=\"given-name\" aria-required=\"true\" aria-invalid=\"false\" value=\"\" type=\"text\" name=\"surname\" \/><\/span><\/label>\n\t\t\t\t<\/p>\n\t\t\t<\/td>\n\t\t\t<td>\n\t\t\t\t<p><label>Nachnahme* <span class=\"wpcf7-form-control-wrap\" data-name=\"your-name\"><input size=\"40\" maxlength=\"400\" class=\"wpcf7-form-control wpcf7-text wpcf7-validates-as-required\" autocomplete=\"family-name\" aria-required=\"true\" aria-invalid=\"false\" value=\"\" type=\"text\" name=\"your-name\" \/><\/span><\/label>\n\t\t\t\t<\/p>\n\t\t\t<\/td>\n\t\t<\/tr>\n\t\t<tr>\n\t\t\t<td>\n\t\t\t\t<p><label>Stra\u00dfe* <span class=\"wpcf7-form-control-wrap\" data-name=\"your-street\"><input size=\"40\" maxlength=\"400\" class=\"wpcf7-form-control wpcf7-text wpcf7-validates-as-required\" autocomplete=\"street-address\" aria-required=\"true\" aria-invalid=\"false\" value=\"\" type=\"text\" name=\"your-street\" \/><\/span><\/label>\n\t\t\t\t<\/p>\n\t\t\t<\/td>\n\t\t\t<td>\n\t\t\t\t<p><label>PLZ* <span class=\"wpcf7-form-control-wrap\" data-name=\"your-zip\"><input size=\"40\" maxlength=\"400\" class=\"wpcf7-form-control wpcf7-text wpcf7-validates-as-required\" autocomplete=\"postal-code\" aria-required=\"true\" aria-invalid=\"false\" value=\"\" type=\"text\" name=\"your-zip\" \/><\/span><\/label>\n\t\t\t\t<\/p>\n\t\t\t<\/td>\n\t\t<\/tr>\n\t\t<tr>\n\t\t\t<td>\n\t\t\t\t<p><label>Ort* <span class=\"wpcf7-form-control-wrap\" data-name=\"your-city\"><input size=\"40\" maxlength=\"400\" class=\"wpcf7-form-control wpcf7-text wpcf7-validates-as-required\" autocomplete=\"address-level2\" aria-required=\"true\" aria-invalid=\"false\" value=\"\" type=\"text\" name=\"your-city\" \/><\/span><\/label>\n\t\t\t\t<\/p>\n\t\t\t<\/td>\n\t\t\t<td>\n\t\t\t\t<p><label>Land<span class=\"wpcf7-form-control-wrap\" data-name=\"your-country\"><input size=\"40\" maxlength=\"400\" class=\"wpcf7-form-control wpcf7-text\" autocomplete=\"country\" aria-invalid=\"false\" value=\"\" type=\"text\" name=\"your-country\" \/><\/span><\/label>\n\t\t\t\t<\/p>\n\t\t\t<\/td>\n\t\t<\/tr>\n\t\t<tr>\n\t\t\t<td>\n\t\t\t\t<p><label>Telefon* <span class=\"wpcf7-form-control-wrap\" data-name=\"your-phone\"><input size=\"40\" maxlength=\"400\" class=\"wpcf7-form-control wpcf7-text wpcf7-validates-as-required\" autocomplete=\"tel\" aria-required=\"true\" aria-invalid=\"false\" value=\"\" type=\"text\" name=\"your-phone\" \/><\/span><\/label>\n\t\t\t\t<\/p>\n\t\t\t<\/td>\n\t\t\t<td>\n\t\t\t\t<p><label>E-Mail* <span class=\"wpcf7-form-control-wrap\" data-name=\"your-email\"><input size=\"40\" maxlength=\"400\" class=\"wpcf7-form-control wpcf7-email wpcf7-validates-as-required wpcf7-text wpcf7-validates-as-email\" autocomplete=\"email\" aria-required=\"true\" aria-invalid=\"false\" value=\"\" type=\"email\" name=\"your-email\" \/><\/span> <\/label>\n\t\t\t\t<\/p>\n\t\t\t<\/td>\n\t\t<\/tr>\n\t\t<tr>\n\t\t\t<td colspan=\"2\">\n\t\t\t\t<p><label> Nachricht (optional)<span class=\"wpcf7-form-control-wrap\" data-name=\"your-message\"><textarea cols=\"40\" rows=\"10\" maxlength=\"2000\" class=\"wpcf7-form-control wpcf7-textarea\" aria-invalid=\"false\" name=\"your-message\"><\/textarea><\/span><\/label>\n\t\t\t\t<\/p>\n\t\t\t<\/td>\n\t\t<\/tr>\n\t<\/tbody>\n<\/table>\n<hr \/>\n<p>Anlagen<br \/>\nSie k\u00f6nnen hier entweder ein gesamtes Bewerbungs-Dokument oder einzelne Dokumente hochladen. Folgende Dateiformate sind m\u00f6glich: Word (doc, docx), PDF, JPG, PNG, GIF. Bitte laden Sie keine PDF- und Word-Dokumente hoch, die mit einem Passwort- oder Schreibschutz versehen sind.\n<\/p>\n<table>\n\t<tbody>\n\t\t<tr>\n\t\t\t<td>\n\t\t\t\t<lable>Foto\n\t\t\t\t\t<p><span class=\"wpcf7-form-control-wrap\" data-name=\"foto\"><input size=\"40\" class=\"wpcf7-form-control wpcf7-file\" accept=\".pdf,.txt\" aria-invalid=\"false\" type=\"file\" name=\"foto\" \/><\/span>\n\t\t\t\t\t<\/p>\n\t\t\t\t<\/lable>\n\t\t\t<\/td>\n\t\t\t<td>\n\t\t\t\t<lable>Anschreiben \/ Komplette Unterlagen*\n\t\t\t\t\t<p><span class=\"wpcf7-form-control-wrap\" data-name=\"anhang1\"><input size=\"40\" class=\"wpcf7-form-control wpcf7-file wpcf7-validates-as-required\" accept=\".pdf,.txt\" aria-required=\"true\" aria-invalid=\"false\" type=\"file\" name=\"anhang1\" \/><\/span>\n\t\t\t\t\t<\/p>\n\t\t\t\t<\/lable>\n\t\t\t<\/td>\n\t\t<\/tr>\n\t\t<tr>\n\t\t\t<td>\n\t\t\t\t<lable>Lebenslauf\n\t\t\t\t\t<p><span class=\"wpcf7-form-control-wrap\" data-name=\"anhang2\"><input size=\"40\" class=\"wpcf7-form-control wpcf7-file\" accept=\".pdf,.txt\" aria-invalid=\"false\" type=\"file\" name=\"anhang2\" \/><\/span>\n\t\t\t\t\t<\/p>\n\t\t\t\t<\/lable>\n\t\t\t<\/td>\n\t\t\t<td>\n\t\t\t\t<lable>Letztes Arbeitszeugnis\n\t\t\t\t\t<p><span class=\"wpcf7-form-control-wrap\" data-name=\"anhang3\"><input size=\"40\" class=\"wpcf7-form-control wpcf7-file\" accept=\".pdf,.txt\" aria-invalid=\"false\" type=\"file\" name=\"anhang3\" \/><\/span>\n\t\t\t\t\t<\/p>\n\t\t\t\t<\/lable>\n\t\t\t<\/td>\n\t\t<\/tr>\n\t\t<tr>\n\t\t\t<td>\n\t\t\t\t<lable>Weitere Anlage 1\n\t\t\t\t\t<p><span class=\"wpcf7-form-control-wrap\" data-name=\"anhang4\"><input size=\"40\" class=\"wpcf7-form-control wpcf7-file\" accept=\".pdf,.txt\" aria-invalid=\"false\" type=\"file\" name=\"anhang4\" \/><\/span>\n\t\t\t\t\t<\/p>\n\t\t\t\t<\/lable>\n\t\t\t<\/td>\n\t\t\t<td>\n\t\t\t\t<lable>Weitere Anlage 2\n\t\t\t\t\t<p><span class=\"wpcf7-form-control-wrap\" data-name=\"anhang5\"><input size=\"40\" class=\"wpcf7-form-control wpcf7-file\" accept=\".pdf,.txt\" aria-invalid=\"false\" type=\"file\" name=\"anhang5\" \/><\/span>\n\t\t\t\t\t<\/p>\n\t\t\t\t<\/lable>\n\t\t\t<\/td>\n\t\t<\/tr>\n\t<\/tbody>\n<\/table>\n<p><input class=\"wpcf7-form-control wpcf7-submit has-spinner\" type=\"submit\" value=\"Senden\" \/>\n<\/p><div class=\"wpcf7-response-output\" aria-hidden=\"true\"><\/div>\n<\/form>\n<\/div>\n<\/div><\/div><\/div><\/div><\/section><section class=\"l-section wpb_row height_medium\"><div class=\"l-section-h i-cf\"><div class=\"g-cols vc_row via_grid cols_1 laptops-cols_inherit tablets-cols_inherit mobiles-cols_1 valign_top type_default stacking_default\"><div class=\"wpb_column vc_column_container\"><div class=\"vc_column-inner\"><div class=\"wpb_text_column\"><div class=\"wpb_wrapper\"><p>Bitte beachten Sie auch unsere <a href=\"http:\/\/www.roggendorf-art.de\/wp-content\/uploads\/2018\/07\/Datenschutzerkl\u00e4rung-f\u00fcr-Bewerbungen.pdf\" target=\"_blank\" rel=\"noopener\">Datenschutzerkl\u00e4rung f\u00fcr Bewerbungen<\/a>.<\/p>\n<\/div><\/div><\/div><\/div><\/div><\/div><\/section>\n","protected":false},"excerpt":{"rendered":"\u00dcber den Upload-Button k\u00f6nnen Sie Ihre Unterlagen (Lebenslauf etc.) hochladen. Bitte beachten Sie, dass die mit * markierten Felder unbedingt auszuf\u00fcllen sind. Wir freuen uns auf Ihre Bewerbung! Anrede ---HerrFrau Titel ---Dr.Prof. Vorname* Nachnahme* Stra\u00dfe* PLZ* Ort* Land Telefon* E-Mail* Nachricht (optional) Anlagen Sie k\u00f6nnen hier entweder ein gesamtes Bewerbungs-Dokument oder einzelne Dokumente hochladen. Folgende...","protected":false},"author":2,"featured_media":0,"parent":0,"menu_order":0,"comment_status":"closed","ping_status":"closed","template":"","meta":{"footnotes":""},"class_list":["post-5348","page","type-page","status-publish","hentry"],"_links":{"self":[{"href":"https:\/\/www.roggendorf-art.de\/index.php\/wp-json\/wp\/v2\/pages\/5348","targetHints":{"allow":["GET"]}}],"collection":[{"href":"https:\/\/www.roggendorf-art.de\/index.php\/wp-json\/wp\/v2\/pages"}],"about":[{"href":"https:\/\/www.roggendorf-art.de\/index.php\/wp-json\/wp\/v2\/types\/page"}],"author":[{"embeddable":true,"href":"https:\/\/www.roggendorf-art.de\/index.php\/wp-json\/wp\/v2\/users\/2"}],"replies":[{"embeddable":true,"href":"https:\/\/www.roggendorf-art.de\/index.php\/wp-json\/wp\/v2\/comments?post=5348"}],"version-history":[{"count":2,"href":"https:\/\/www.roggendorf-art.de\/index.php\/wp-json\/wp\/v2\/pages\/5348\/revisions"}],"predecessor-version":[{"id":5351,"href":"https:\/\/www.roggendorf-art.de\/index.php\/wp-json\/wp\/v2\/pages\/5348\/revisions\/5351"}],"wp:attachment":[{"href":"https:\/\/www.roggendorf-art.de\/index.php\/wp-json\/wp\/v2\/media?parent=5348"}],"curies":[{"name":"wp","href":"https:\/\/api.w.org\/{rel}","templated":true}]}}